{"id":8683,"date":"2021-06-30T13:30:26","date_gmt":"2021-06-30T13:30:26","guid":{"rendered":"http:\/\/3.78.172.146\/download-area\/documentazione-tecnica-prodotti\/"},"modified":"2025-05-27T12:44:03","modified_gmt":"2025-05-27T12:44:03","slug":"documentation-technique-du-produit","status":"publish","type":"page","link":"https:\/\/cadelsrl.com\/fr\/download-area\/documentation-technique-du-produit\/","title":{"rendered":"Documentation technique du produit"},"content":{"rendered":"\r\n<p>Tous les documents et manuels de nos produits ils peuvent \u00eatre t\u00e9l\u00e9charg\u00e9s ici. Choisissez simplement un produit.<\/p>\r\n","protected":false},"excerpt":{"rendered":"<p>Tous les documents et manuels de nos produits ils peuvent \u00eatre t\u00e9l\u00e9charg\u00e9s ici. Choisissez simplement un produit.<\/p>\n","protected":false},"author":1,"featured_media":37425,"parent":8653,"menu_order":130,"comment_status":"closed","ping_status":"closed","template":"page-templates\/technical-documents-page.php","meta":{"_acf_changed":false,"inline_featured_image":false,"footnotes":""},"class_list":["post-8683","page","type-page","status-publish","has-post-thumbnail","hentry"],"acf":[],"_links":{"self":[{"href":"https:\/\/cadelsrl.com\/fr\/wp-json\/wp\/v2\/pages\/8683","targetHints":{"allow":["GET"]}}],"collection":[{"href":"https:\/\/cadelsrl.com\/fr\/wp-json\/wp\/v2\/pages"}],"about":[{"href":"https:\/\/cadelsrl.com\/fr\/wp-json\/wp\/v2\/types\/page"}],"author":[{"embeddable":true,"href":"https:\/\/cadelsrl.com\/fr\/wp-json\/wp\/v2\/users\/1"}],"replies":[{"embeddable":true,"href":"https:\/\/cadelsrl.com\/fr\/wp-json\/wp\/v2\/comments?post=8683"}],"version-history":[{"count":6,"href":"https:\/\/cadelsrl.com\/fr\/wp-json\/wp\/v2\/pages\/8683\/revisions"}],"predecessor-version":[{"id":31639,"href":"https:\/\/cadelsrl.com\/fr\/wp-json\/wp\/v2\/pages\/8683\/revisions\/31639"}],"up":[{"embeddable":true,"href":"https:\/\/cadelsrl.com\/fr\/wp-json\/wp\/v2\/pages\/8653"}],"wp:featuredmedia":[{"embeddable":true,"href":"https:\/\/cadelsrl.com\/fr\/wp-json\/wp\/v2\/media\/37425"}],"wp:attachment":[{"href":"https:\/\/cadelsrl.com\/fr\/wp-json\/wp\/v2\/media?parent=8683"}],"curies":[{"name":"wp","href":"https:\/\/api.w.org\/{rel}","templated":true}]}}