{"id":6481,"date":"2021-06-10T09:24:33","date_gmt":"2021-06-10T09:24:33","guid":{"rendered":"http:\/\/3.78.172.146\/cucine-a-legna\/"},"modified":"2024-07-10T09:02:42","modified_gmt":"2024-07-10T09:02:42","slug":"cuisinieres-a-bois","status":"publish","type":"page","link":"https:\/\/cadelsrl.com\/fr\/bois\/cuisinieres-a-bois\/","title":{"rendered":"Cuisini\u00e8res \u00e0 bois"},"content":{"rendered":"\n<p class=\"big\">Cadel renouvelle totalement le style de ses cuisini\u00e8res \u00e0 bois en offrant \u00e0 chacune d&#8217;entre elles une touche de modernit\u00e9 et une am\u00e9lioration des prestations gr\u00e2ce aux nouvelles technologies offertes dans ce secteur. Et c\u2019est ainsi que la sensation de tradition qu\u2019inspirent tout naturellement ces cuisini\u00e8res \u00e0 bois, est renforc\u00e9e par l&#8217;aspect <strong>pratique<\/strong>, <strong>l&#8217;innovation<\/strong>, la s\u00e9curit\u00e9 et la durabilit\u00e9 \u00e9cologique de l\u2019\u00e9poque moderne, r\u00e9pondant ainsi \u00e0 tous les besoins recherch\u00e9s sur ce produit.<\/p>\n","protected":false},"excerpt":{"rendered":"<p>Cadel renouvelle totalement le style de ses cuisini\u00e8res \u00e0 bois en offrant \u00e0 chacune d&#8217;entre elles une touche de modernit\u00e9 et une am\u00e9lioration des prestations gr\u00e2ce aux nouvelles technologies offertes dans ce secteur. Et c\u2019est ainsi que la sensation de tradition qu\u2019inspirent tout naturellement ces cuisini\u00e8res \u00e0 bois, est renforc\u00e9e par l&#8217;aspect pratique, l&#8217;innovation, la<\/p>\n","protected":false},"author":1,"featured_media":20535,"parent":23596,"menu_order":190,"comment_status":"closed","ping_status":"closed","template":"page-templates\/wood-stoves-page.php","meta":{"_acf_changed":false,"inline_featured_image":false,"footnotes":""},"class_list":["post-6481","page","type-page","status-publish","has-post-thumbnail","hentry"],"acf":[],"_links":{"self":[{"href":"https:\/\/cadelsrl.com\/fr\/wp-json\/wp\/v2\/pages\/6481","targetHints":{"allow":["GET"]}}],"collection":[{"href":"https:\/\/cadelsrl.com\/fr\/wp-json\/wp\/v2\/pages"}],"about":[{"href":"https:\/\/cadelsrl.com\/fr\/wp-json\/wp\/v2\/types\/page"}],"author":[{"embeddable":true,"href":"https:\/\/cadelsrl.com\/fr\/wp-json\/wp\/v2\/users\/1"}],"replies":[{"embeddable":true,"href":"https:\/\/cadelsrl.com\/fr\/wp-json\/wp\/v2\/comments?post=6481"}],"version-history":[{"count":13,"href":"https:\/\/cadelsrl.com\/fr\/wp-json\/wp\/v2\/pages\/6481\/revisions"}],"predecessor-version":[{"id":23700,"href":"https:\/\/cadelsrl.com\/fr\/wp-json\/wp\/v2\/pages\/6481\/revisions\/23700"}],"up":[{"embeddable":true,"href":"https:\/\/cadelsrl.com\/fr\/wp-json\/wp\/v2\/pages\/23596"}],"wp:featuredmedia":[{"embeddable":true,"href":"https:\/\/cadelsrl.com\/fr\/wp-json\/wp\/v2\/media\/20535"}],"wp:attachment":[{"href":"https:\/\/cadelsrl.com\/fr\/wp-json\/wp\/v2\/media?parent=6481"}],"curies":[{"name":"wp","href":"https:\/\/api.w.org\/{rel}","templated":true}]}}