{"id":6472,"date":"2021-06-10T09:22:15","date_gmt":"2021-06-10T09:22:15","guid":{"rendered":"http:\/\/3.78.172.146\/stufe-a-pellet\/inserti-a-pellet\/"},"modified":"2025-07-18T12:18:29","modified_gmt":"2025-07-18T12:18:29","slug":"inserts-a-granules","status":"publish","type":"page","link":"https:\/\/cadelsrl.com\/fr\/poeles-a-granules\/inserts-a-granules\/","title":{"rendered":"Inserts \u00e0 granul\u00e9s"},"content":{"rendered":"\r\n<p class=\"big\">Les inserts \u00e0 pellet Cadel repr\u00e9sentent une combinaison parfaite entre une <strong>chemin\u00e9e<\/strong>, symbole traditionnel des r\u00e9unions de famille et la <strong>technologie moderne<\/strong> \u00e0 faible impact environnemental du pellet. Un insert de chemin\u00e9e \u00e0 pellet donne une touche de design unique \u00e0 une habitation en devenant un nouveau meuble de compl\u00e9ment ou en transformant un ancien foyer \u00e0 bois.<\/p>\r\n","protected":false},"excerpt":{"rendered":"<p>Les inserts \u00e0 pellet Cadel repr\u00e9sentent une combinaison parfaite entre une chemin\u00e9e, symbole traditionnel des r\u00e9unions de famille et la technologie moderne \u00e0 faible impact environnemental du pellet. Un insert de chemin\u00e9e \u00e0 pellet donne une touche de design unique \u00e0 une habitation en devenant un nouveau meuble de compl\u00e9ment ou en transformant un ancien<\/p>\n","protected":false},"author":1,"featured_media":34274,"parent":5080,"menu_order":263,"comment_status":"closed","ping_status":"closed","template":"page-templates\/children-pellet-stoves-page.php","meta":{"_acf_changed":false,"inline_featured_image":false,"footnotes":""},"class_list":["post-6472","page","type-page","status-publish","has-post-thumbnail","hentry"],"acf":[],"_links":{"self":[{"href":"https:\/\/cadelsrl.com\/fr\/wp-json\/wp\/v2\/pages\/6472","targetHints":{"allow":["GET"]}}],"collection":[{"href":"https:\/\/cadelsrl.com\/fr\/wp-json\/wp\/v2\/pages"}],"about":[{"href":"https:\/\/cadelsrl.com\/fr\/wp-json\/wp\/v2\/types\/page"}],"author":[{"embeddable":true,"href":"https:\/\/cadelsrl.com\/fr\/wp-json\/wp\/v2\/users\/1"}],"replies":[{"embeddable":true,"href":"https:\/\/cadelsrl.com\/fr\/wp-json\/wp\/v2\/comments?post=6472"}],"version-history":[{"count":14,"href":"https:\/\/cadelsrl.com\/fr\/wp-json\/wp\/v2\/pages\/6472\/revisions"}],"predecessor-version":[{"id":33930,"href":"https:\/\/cadelsrl.com\/fr\/wp-json\/wp\/v2\/pages\/6472\/revisions\/33930"}],"up":[{"embeddable":true,"href":"https:\/\/cadelsrl.com\/fr\/wp-json\/wp\/v2\/pages\/5080"}],"wp:featuredmedia":[{"embeddable":true,"href":"https:\/\/cadelsrl.com\/fr\/wp-json\/wp\/v2\/media\/34274"}],"wp:attachment":[{"href":"https:\/\/cadelsrl.com\/fr\/wp-json\/wp\/v2\/media?parent=6472"}],"curies":[{"name":"wp","href":"https:\/\/api.w.org\/{rel}","templated":true}]}}