{"id":6433,"date":"2021-06-10T09:21:55","date_gmt":"2021-06-10T09:21:55","guid":{"rendered":"http:\/\/3.78.172.146\/stufe-a-pellet\/stufe-a-pellet-idro\/"},"modified":"2025-12-19T09:38:29","modified_gmt":"2025-12-19T09:38:29","slug":"poeles-a-granules-hydro","status":"publish","type":"page","link":"https:\/\/cadelsrl.com\/fr\/poeles-a-granules\/poeles-a-granules-hydro\/","title":{"rendered":"Po\u00eales \u00e0 granules hydro"},"content":{"rendered":"\r\n<p class=\"big\">Les po\u00eales \u00e0 pellet hydro de Cadel sont la solution optimale pour<strong> le syst\u00e8me de chauffage domestique<\/strong> car ils chauffent rapidement l&#8217;eau des radiateurs, ils sont pratiques et \u00e9conomiques et combinent fonctionnalit\u00e9 et une esth\u00e9tique attrayante.\u00a0<\/p>\r\n","protected":false},"excerpt":{"rendered":"<p>Les po\u00eales \u00e0 pellet hydro de Cadel sont la solution optimale pour le syst\u00e8me de chauffage domestique car ils chauffent rapidement l&#8217;eau des radiateurs, ils sont pratiques et \u00e9conomiques et combinent fonctionnalit\u00e9 et une esth\u00e9tique attrayante.\u00a0<\/p>\n","protected":false},"author":1,"featured_media":4888,"parent":5080,"menu_order":257,"comment_status":"closed","ping_status":"closed","template":"page-templates\/children-pellet-stoves-page.php","meta":{"_acf_changed":false,"inline_featured_image":false,"footnotes":""},"class_list":["post-6433","page","type-page","status-publish","has-post-thumbnail","hentry"],"acf":[],"_links":{"self":[{"href":"https:\/\/cadelsrl.com\/fr\/wp-json\/wp\/v2\/pages\/6433","targetHints":{"allow":["GET"]}}],"collection":[{"href":"https:\/\/cadelsrl.com\/fr\/wp-json\/wp\/v2\/pages"}],"about":[{"href":"https:\/\/cadelsrl.com\/fr\/wp-json\/wp\/v2\/types\/page"}],"author":[{"embeddable":true,"href":"https:\/\/cadelsrl.com\/fr\/wp-json\/wp\/v2\/users\/1"}],"replies":[{"embeddable":true,"href":"https:\/\/cadelsrl.com\/fr\/wp-json\/wp\/v2\/comments?post=6433"}],"version-history":[{"count":16,"href":"https:\/\/cadelsrl.com\/fr\/wp-json\/wp\/v2\/pages\/6433\/revisions"}],"predecessor-version":[{"id":36819,"href":"https:\/\/cadelsrl.com\/fr\/wp-json\/wp\/v2\/pages\/6433\/revisions\/36819"}],"up":[{"embeddable":true,"href":"https:\/\/cadelsrl.com\/fr\/wp-json\/wp\/v2\/pages\/5080"}],"wp:featuredmedia":[{"embeddable":true,"href":"https:\/\/cadelsrl.com\/fr\/wp-json\/wp\/v2\/media\/4888"}],"wp:attachment":[{"href":"https:\/\/cadelsrl.com\/fr\/wp-json\/wp\/v2\/media?parent=6433"}],"curies":[{"name":"wp","href":"https:\/\/api.w.org\/{rel}","templated":true}]}}