{"id":6425,"date":"2021-06-10T09:21:29","date_gmt":"2021-06-10T09:21:29","guid":{"rendered":"http:\/\/3.78.172.146\/stufe-a-pellet\/stufe-a-pellet-canalizzate\/"},"modified":"2025-07-18T12:08:10","modified_gmt":"2025-07-18T12:08:10","slug":"poeles-a-granules-canalisables","status":"publish","type":"page","link":"https:\/\/cadelsrl.com\/fr\/poeles-a-granules\/poeles-a-granules-canalisables\/","title":{"rendered":"Po\u00eales \u00e0 granules canalisables"},"content":{"rendered":"\r\n<p class=\"big\">Pour <strong>chauffer plusieurs pi\u00e8ces<\/strong> d\u2019une habitation de mani\u00e8re \u00e9conomique et pratique, les po\u00eales \u00e0 pellet canalisables Air Plus Cadel sont l\u2019instrument id\u00e9al. Gr\u00e2ce au syst\u00e8me de canalisation, il est possible de distribuer la chaleur rapidement et de mani\u00e8re homog\u00e8ne dans d&#8217;autres pi\u00e8ces aussi.<\/p>\r\n","protected":false},"excerpt":{"rendered":"<p>Pour chauffer plusieurs pi\u00e8ces d\u2019une habitation de mani\u00e8re \u00e9conomique et pratique, les po\u00eales \u00e0 pellet canalisables Air Plus Cadel sont l\u2019instrument id\u00e9al. Gr\u00e2ce au syst\u00e8me de canalisation, il est possible de distribuer la chaleur rapidement et de mani\u00e8re homog\u00e8ne dans d&#8217;autres pi\u00e8ces aussi.<\/p>\n","protected":false},"author":1,"featured_media":4894,"parent":5080,"menu_order":251,"comment_status":"closed","ping_status":"closed","template":"page-templates\/children-pellet-stoves-page.php","meta":{"_acf_changed":false,"inline_featured_image":false,"footnotes":""},"class_list":["post-6425","page","type-page","status-publish","has-post-thumbnail","hentry"],"acf":[],"_links":{"self":[{"href":"https:\/\/cadelsrl.com\/fr\/wp-json\/wp\/v2\/pages\/6425","targetHints":{"allow":["GET"]}}],"collection":[{"href":"https:\/\/cadelsrl.com\/fr\/wp-json\/wp\/v2\/pages"}],"about":[{"href":"https:\/\/cadelsrl.com\/fr\/wp-json\/wp\/v2\/types\/page"}],"author":[{"embeddable":true,"href":"https:\/\/cadelsrl.com\/fr\/wp-json\/wp\/v2\/users\/1"}],"replies":[{"embeddable":true,"href":"https:\/\/cadelsrl.com\/fr\/wp-json\/wp\/v2\/comments?post=6425"}],"version-history":[{"count":15,"href":"https:\/\/cadelsrl.com\/fr\/wp-json\/wp\/v2\/pages\/6425\/revisions"}],"predecessor-version":[{"id":33919,"href":"https:\/\/cadelsrl.com\/fr\/wp-json\/wp\/v2\/pages\/6425\/revisions\/33919"}],"up":[{"embeddable":true,"href":"https:\/\/cadelsrl.com\/fr\/wp-json\/wp\/v2\/pages\/5080"}],"wp:featuredmedia":[{"embeddable":true,"href":"https:\/\/cadelsrl.com\/fr\/wp-json\/wp\/v2\/media\/4894"}],"wp:attachment":[{"href":"https:\/\/cadelsrl.com\/fr\/wp-json\/wp\/v2\/media?parent=6425"}],"curies":[{"name":"wp","href":"https:\/\/api.w.org\/{rel}","templated":true}]}}