{"id":6414,"date":"2021-06-10T09:21:02","date_gmt":"2021-06-10T09:21:02","guid":{"rendered":"http:\/\/3.78.172.146\/stufe-a-pellet\/stufe-a-pellet-ventilate\/"},"modified":"2025-07-24T08:40:01","modified_gmt":"2025-07-24T08:40:01","slug":"poeles-a-granules-avec-soufflerie","status":"publish","type":"page","link":"https:\/\/cadelsrl.com\/fr\/poeles-a-granules\/poeles-a-granules-avec-soufflerie\/","title":{"rendered":"Po\u00eales \u00e0 granul\u00e9s avec soufflerie"},"content":{"rendered":"\r\n<p class=\"big\">Cadel propose une large gamme de po\u00eales \u00e0 pellet ventil\u00e9s \u00e9quip\u00e9s d\u2019une chambre \u00e9tanche afin de chauffer avec un <strong>plus grand rendement<\/strong> et une <strong>consommation r\u00e9duite<\/strong>. Disponibles en diff\u00e9rentes puissances, les po\u00eales disposent du <strong>mode confort<\/strong> qui d\u00e9sactive les ventilateurs afin de garantir un silence maximum.<\/p>\r\n","protected":false},"excerpt":{"rendered":"<p>Cadel propose une large gamme de po\u00eales \u00e0 pellet ventil\u00e9s \u00e9quip\u00e9s d\u2019une chambre \u00e9tanche afin de chauffer avec un plus grand rendement et une consommation r\u00e9duite. Disponibles en diff\u00e9rentes puissances, les po\u00eales disposent du mode confort qui d\u00e9sactive les ventilateurs afin de garantir un silence maximum.<\/p>\n","protected":false},"author":1,"featured_media":34268,"parent":5080,"menu_order":239,"comment_status":"closed","ping_status":"closed","template":"page-templates\/children-pellet-stoves-page.php","meta":{"_acf_changed":false,"inline_featured_image":false,"footnotes":""},"class_list":["post-6414","page","type-page","status-publish","has-post-thumbnail","hentry"],"acf":[],"_links":{"self":[{"href":"https:\/\/cadelsrl.com\/fr\/wp-json\/wp\/v2\/pages\/6414","targetHints":{"allow":["GET"]}}],"collection":[{"href":"https:\/\/cadelsrl.com\/fr\/wp-json\/wp\/v2\/pages"}],"about":[{"href":"https:\/\/cadelsrl.com\/fr\/wp-json\/wp\/v2\/types\/page"}],"author":[{"embeddable":true,"href":"https:\/\/cadelsrl.com\/fr\/wp-json\/wp\/v2\/users\/1"}],"replies":[{"embeddable":true,"href":"https:\/\/cadelsrl.com\/fr\/wp-json\/wp\/v2\/comments?post=6414"}],"version-history":[{"count":21,"href":"https:\/\/cadelsrl.com\/fr\/wp-json\/wp\/v2\/pages\/6414\/revisions"}],"predecessor-version":[{"id":34259,"href":"https:\/\/cadelsrl.com\/fr\/wp-json\/wp\/v2\/pages\/6414\/revisions\/34259"}],"up":[{"embeddable":true,"href":"https:\/\/cadelsrl.com\/fr\/wp-json\/wp\/v2\/pages\/5080"}],"wp:featuredmedia":[{"embeddable":true,"href":"https:\/\/cadelsrl.com\/fr\/wp-json\/wp\/v2\/media\/34268"}],"wp:attachment":[{"href":"https:\/\/cadelsrl.com\/fr\/wp-json\/wp\/v2\/media?parent=6414"}],"curies":[{"name":"wp","href":"https:\/\/api.w.org\/{rel}","templated":true}]}}