{"id":6200,"date":"2021-07-21T13:48:17","date_gmt":"2021-07-21T13:48:17","guid":{"rendered":"http:\/\/3.78.172.146\/ricambi-stufe-a-pellet-cadel\/"},"modified":"2021-09-10T15:36:33","modified_gmt":"2021-09-10T15:36:33","slug":"piece-detachee-poele-a-granule","status":"publish","type":"page","link":"https:\/\/cadelsrl.com\/fr\/piece-detachee-poele-a-granule\/","title":{"rendered":"Pi\u00e8ce d\u00e9tach\u00e9e po\u00eale \u00e0 granul\u00e9"},"content":{"rendered":"","protected":false},"excerpt":{"rendered":"","protected":false},"author":2,"featured_media":0,"parent":0,"menu_order":156,"comment_status":"closed","ping_status":"closed","template":"page-templates\/dinamic-modules-page.php","meta":{"_acf_changed":false,"inline_featured_image":false,"footnotes":""},"class_list":["post-6200","page","type-page","status-publish","hentry"],"acf":[],"_links":{"self":[{"href":"https:\/\/cadelsrl.com\/fr\/wp-json\/wp\/v2\/pages\/6200","targetHints":{"allow":["GET"]}}],"collection":[{"href":"https:\/\/cadelsrl.com\/fr\/wp-json\/wp\/v2\/pages"}],"about":[{"href":"https:\/\/cadelsrl.com\/fr\/wp-json\/wp\/v2\/types\/page"}],"author":[{"embeddable":true,"href":"https:\/\/cadelsrl.com\/fr\/wp-json\/wp\/v2\/users\/2"}],"replies":[{"embeddable":true,"href":"https:\/\/cadelsrl.com\/fr\/wp-json\/wp\/v2\/comments?post=6200"}],"version-history":[{"count":11,"href":"https:\/\/cadelsrl.com\/fr\/wp-json\/wp\/v2\/pages\/6200\/revisions"}],"predecessor-version":[{"id":9450,"href":"https:\/\/cadelsrl.com\/fr\/wp-json\/wp\/v2\/pages\/6200\/revisions\/9450"}],"wp:attachment":[{"href":"https:\/\/cadelsrl.com\/fr\/wp-json\/wp\/v2\/media?parent=6200"}],"curies":[{"name":"wp","href":"https:\/\/api.w.org\/{rel}","templated":true}]}}