{"id":5080,"date":"2021-06-10T09:20:29","date_gmt":"2021-06-10T09:20:29","guid":{"rendered":"http:\/\/3.78.172.146\/stufe-a-pellet\/"},"modified":"2022-11-24T15:38:22","modified_gmt":"2022-11-24T15:38:22","slug":"poeles-a-granules","status":"publish","type":"page","link":"https:\/\/cadelsrl.com\/fr\/poeles-a-granules\/","title":{"rendered":"Po\u00eales \u00e0 granul\u00e9s"},"content":{"rendered":"\n<p class=\"big\">La large gamme de po\u00eales \u00e0 pellet Cadel propose des mod\u00e8les pour tous les besoins, aussi bien pour chauffer un petit espace que pour diffuser la chaleur dans plusieurs pi\u00e8ces de la maison. Vous pouvez compter sur les propositions <strong>Air <\/strong>(po\u00eales \u00e0 pellet ventil\u00e9s), <strong>Air Plus<\/strong> (po\u00eales \u00e0 pellet canalis\u00e9s) ou opter pour un po\u00eale <strong>Hydro <\/strong>pour chauffer l&#8217;eau et exploiter les radiateurs ou le chauffage au sol de l\u2019habitation.<\/p>\n","protected":false},"excerpt":{"rendered":"<p>La large gamme de po\u00eales \u00e0 pellet Cadel propose des mod\u00e8les pour tous les besoins, aussi bien pour chauffer un petit espace que pour diffuser la chaleur dans plusieurs pi\u00e8ces de la maison. Vous pouvez compter sur les propositions Air (po\u00eales \u00e0 pellet ventil\u00e9s), Air Plus (po\u00eales \u00e0 pellet canalis\u00e9s) ou opter pour un po\u00eale &#8230;<\/p>\n","protected":false},"author":1,"featured_media":0,"parent":0,"menu_order":245,"comment_status":"closed","ping_status":"closed","template":"page-templates\/pellet-stoves-page.php","meta":{"_acf_changed":false,"inline_featured_image":false,"footnotes":""},"class_list":["post-5080","page","type-page","status-publish","hentry"],"acf":[],"_links":{"self":[{"href":"https:\/\/cadelsrl.com\/fr\/wp-json\/wp\/v2\/pages\/5080","targetHints":{"allow":["GET"]}}],"collection":[{"href":"https:\/\/cadelsrl.com\/fr\/wp-json\/wp\/v2\/pages"}],"about":[{"href":"https:\/\/cadelsrl.com\/fr\/wp-json\/wp\/v2\/types\/page"}],"author":[{"embeddable":true,"href":"https:\/\/cadelsrl.com\/fr\/wp-json\/wp\/v2\/users\/1"}],"replies":[{"embeddable":true,"href":"https:\/\/cadelsrl.com\/fr\/wp-json\/wp\/v2\/comments?post=5080"}],"version-history":[{"count":14,"href":"https:\/\/cadelsrl.com\/fr\/wp-json\/wp\/v2\/pages\/5080\/revisions"}],"predecessor-version":[{"id":16436,"href":"https:\/\/cadelsrl.com\/fr\/wp-json\/wp\/v2\/pages\/5080\/revisions\/16436"}],"wp:attachment":[{"href":"https:\/\/cadelsrl.com\/fr\/wp-json\/wp\/v2\/media?parent=5080"}],"curies":[{"name":"wp","href":"https:\/\/api.w.org\/{rel}","templated":true}]}}