{"id":34410,"date":"2021-07-21T13:16:16","date_gmt":"2021-07-21T13:16:16","guid":{"rendered":"https:\/\/cadelsrl.com\/installazione-stufa-a-pellet\/"},"modified":"2025-07-30T14:46:51","modified_gmt":"2025-07-30T14:46:51","slug":"installation-de-poele-a-granules","status":"publish","type":"page","link":"https:\/\/cadelsrl.com\/fr\/installation-de-poele-a-granules\/","title":{"rendered":"Installation d&#8217;un po\u00eale \u00e0 granul\u00e9s : un guide complet pour une installation s\u00fbre et efficace"},"content":{"rendered":"","protected":false},"excerpt":{"rendered":"","protected":false},"author":2,"featured_media":0,"parent":0,"menu_order":160,"comment_status":"closed","ping_status":"closed","template":"page-templates\/dinamic-modules-page.php","meta":{"_acf_changed":false,"inline_featured_image":false,"footnotes":""},"class_list":["post-34410","page","type-page","status-publish","hentry"],"acf":[],"_links":{"self":[{"href":"https:\/\/cadelsrl.com\/fr\/wp-json\/wp\/v2\/pages\/34410","targetHints":{"allow":["GET"]}}],"collection":[{"href":"https:\/\/cadelsrl.com\/fr\/wp-json\/wp\/v2\/pages"}],"about":[{"href":"https:\/\/cadelsrl.com\/fr\/wp-json\/wp\/v2\/types\/page"}],"author":[{"embeddable":true,"href":"https:\/\/cadelsrl.com\/fr\/wp-json\/wp\/v2\/users\/2"}],"replies":[{"embeddable":true,"href":"https:\/\/cadelsrl.com\/fr\/wp-json\/wp\/v2\/comments?post=34410"}],"version-history":[{"count":8,"href":"https:\/\/cadelsrl.com\/fr\/wp-json\/wp\/v2\/pages\/34410\/revisions"}],"predecessor-version":[{"id":34426,"href":"https:\/\/cadelsrl.com\/fr\/wp-json\/wp\/v2\/pages\/34410\/revisions\/34426"}],"wp:attachment":[{"href":"https:\/\/cadelsrl.com\/fr\/wp-json\/wp\/v2\/media?parent=34410"}],"curies":[{"name":"wp","href":"https:\/\/api.w.org\/{rel}","templated":true}]}}