{"id":23620,"date":"2024-07-09T12:06:58","date_gmt":"2024-07-09T12:06:58","guid":{"rendered":"https:\/\/cadelsrl.com\/?page_id=23620"},"modified":"2025-07-18T12:13:57","modified_gmt":"2025-07-18T12:13:57","slug":"poeles-a-bois-cadel","status":"publish","type":"page","link":"https:\/\/cadelsrl.com\/fr\/bois\/poeles-a-bois-cadel\/","title":{"rendered":"Po\u00eales \u00e0 bois"},"content":{"rendered":"\r\n<p class=\"big\">Les po\u00eales \u00e0 bois sont un excellent choix pour ceux qui souhaitent \u00e0 la fois un chauffage efficace et durable et l&#8217;<strong>atmosph\u00e8re unique d&#8217;une flamme naturelle<\/strong>. La chambre de combustion de nos po\u00eales \u00e0 bois permet de <strong>contr\u00f4ler les \u00e9missions<\/strong> conform\u00e9ment aux r\u00e9glementations les plus strictes, pour un air plus propre et une efficacit\u00e9 \u00e9nerg\u00e9tique \u00e9lev\u00e9e. Chaque mod\u00e8le est con\u00e7u pour mettre en valeur l&#8217;espace domestique et le rendre chaleureux et confortable tout au long de la saison froide. D\u00e9couvrez notre gamme de po\u00eales \u00e0 bois et trouvez la solution parfaite pour votre confort et votre style.<\/p>\r\n","protected":false},"excerpt":{"rendered":"<p>Les po\u00eales \u00e0 bois sont un excellent choix pour ceux qui souhaitent \u00e0 la fois un chauffage efficace et durable et l&#8217;atmosph\u00e8re unique d&#8217;une flamme naturelle. La chambre de combustion de nos po\u00eales \u00e0 bois permet de contr\u00f4ler les \u00e9missions conform\u00e9ment aux r\u00e9glementations les plus strictes, pour un air plus propre et une efficacit\u00e9 \u00e9nerg\u00e9tique<\/p>\n","protected":false},"author":552,"featured_media":23278,"parent":23596,"menu_order":179,"comment_status":"closed","ping_status":"closed","template":"page-templates\/wood-stoves-page.php","meta":{"_acf_changed":false,"inline_featured_image":false,"footnotes":""},"class_list":["post-23620","page","type-page","status-publish","has-post-thumbnail","hentry"],"acf":[],"_links":{"self":[{"href":"https:\/\/cadelsrl.com\/fr\/wp-json\/wp\/v2\/pages\/23620","targetHints":{"allow":["GET"]}}],"collection":[{"href":"https:\/\/cadelsrl.com\/fr\/wp-json\/wp\/v2\/pages"}],"about":[{"href":"https:\/\/cadelsrl.com\/fr\/wp-json\/wp\/v2\/types\/page"}],"author":[{"embeddable":true,"href":"https:\/\/cadelsrl.com\/fr\/wp-json\/wp\/v2\/users\/552"}],"replies":[{"embeddable":true,"href":"https:\/\/cadelsrl.com\/fr\/wp-json\/wp\/v2\/comments?post=23620"}],"version-history":[{"count":12,"href":"https:\/\/cadelsrl.com\/fr\/wp-json\/wp\/v2\/pages\/23620\/revisions"}],"predecessor-version":[{"id":33924,"href":"https:\/\/cadelsrl.com\/fr\/wp-json\/wp\/v2\/pages\/23620\/revisions\/33924"}],"up":[{"embeddable":true,"href":"https:\/\/cadelsrl.com\/fr\/wp-json\/wp\/v2\/pages\/23596"}],"wp:featuredmedia":[{"embeddable":true,"href":"https:\/\/cadelsrl.com\/fr\/wp-json\/wp\/v2\/media\/23278"}],"wp:attachment":[{"href":"https:\/\/cadelsrl.com\/fr\/wp-json\/wp\/v2\/media?parent=23620"}],"curies":[{"name":"wp","href":"https:\/\/api.w.org\/{rel}","templated":true}]}}