{"id":23596,"date":"2024-07-09T08:42:31","date_gmt":"2024-07-09T08:42:31","guid":{"rendered":"https:\/\/cadelsrl.com\/?page_id=23596"},"modified":"2024-07-09T08:44:41","modified_gmt":"2024-07-09T08:44:41","slug":"bois","status":"publish","type":"page","link":"https:\/\/cadelsrl.com\/fr\/bois\/","title":{"rendered":"Bois"},"content":{"rendered":"\n<p class=\"big\">Les <strong>po\u00eales<\/strong> et <strong>cuisini\u00e8res \u00e0 bois Cadel <\/strong> sont le choix id\u00e9al pour ceux qui recherchent l&#8217;authenticit\u00e9 de la chaleur traditionnelle avec tout le confort de la technologie.\nLes solutions de <strong>chauffage au bois<\/strong> offrent l&#8217;exp\u00e9rience unique du feu et rendent chaque <strong>pi\u00e8ce chaleureuse<\/strong>, devenant ainsi un <strong>\u00e9l\u00e9ment de design <\/strong>et d\u2019ameublement de premier plan. D\u00e9couvrez les cuisini\u00e8res et po\u00eales \u00e0 bois Cadel : \u00e9galement disponibles en version ventil\u00e9e, pour r\u00e9pondre \u00e0 toutes les exigences en mati\u00e8re de chauffage et de conception.<\/p>\n","protected":false},"excerpt":{"rendered":"<p>Les po\u00eales et cuisini\u00e8res \u00e0 bois Cadel sont le choix id\u00e9al pour ceux qui recherchent l&#8217;authenticit\u00e9 de la chaleur traditionnelle avec tout le confort de la technologie. Les solutions de chauffage au bois offrent l&#8217;exp\u00e9rience unique du feu et rendent chaque pi\u00e8ce chaleureuse, devenant ainsi un \u00e9l\u00e9ment de design et d\u2019ameublement de premier plan. D\u00e9couvrez<\/p>\n","protected":false},"author":552,"featured_media":0,"parent":0,"menu_order":0,"comment_status":"closed","ping_status":"closed","template":"page-templates\/pellet-stoves-page.php","meta":{"_acf_changed":false,"inline_featured_image":false,"footnotes":""},"class_list":["post-23596","page","type-page","status-publish","hentry"],"acf":[],"_links":{"self":[{"href":"https:\/\/cadelsrl.com\/fr\/wp-json\/wp\/v2\/pages\/23596","targetHints":{"allow":["GET"]}}],"collection":[{"href":"https:\/\/cadelsrl.com\/fr\/wp-json\/wp\/v2\/pages"}],"about":[{"href":"https:\/\/cadelsrl.com\/fr\/wp-json\/wp\/v2\/types\/page"}],"author":[{"embeddable":true,"href":"https:\/\/cadelsrl.com\/fr\/wp-json\/wp\/v2\/users\/552"}],"replies":[{"embeddable":true,"href":"https:\/\/cadelsrl.com\/fr\/wp-json\/wp\/v2\/comments?post=23596"}],"version-history":[{"count":2,"href":"https:\/\/cadelsrl.com\/fr\/wp-json\/wp\/v2\/pages\/23596\/revisions"}],"predecessor-version":[{"id":23598,"href":"https:\/\/cadelsrl.com\/fr\/wp-json\/wp\/v2\/pages\/23596\/revisions\/23598"}],"wp:attachment":[{"href":"https:\/\/cadelsrl.com\/fr\/wp-json\/wp\/v2\/media?parent=23596"}],"curies":[{"name":"wp","href":"https:\/\/api.w.org\/{rel}","templated":true}]}}