{"id":7571,"date":"2021-06-10T09:21:55","date_gmt":"2021-06-10T09:21:55","guid":{"rendered":"http:\/\/3.78.172.146\/estufas-de-pellet\/stufe-a-pellet-idro\/"},"modified":"2025-12-19T09:42:54","modified_gmt":"2025-12-19T09:42:54","slug":"estufas-de-pellet-hidro","status":"publish","type":"page","link":"https:\/\/cadelsrl.com\/es\/estufas-de-pellet\/estufas-de-pellet-hidro\/","title":{"rendered":"Estufas de pellet hydro"},"content":{"rendered":"\r\n<p class=\"big\">Las estufas de pellet Hydro de Cadel son la soluci\u00f3n \u00f3ptima para <strong>la instalaci\u00f3n de calefacci\u00f3n dom\u00e9stica<\/strong>, ya que calientan r\u00e1pidamente el agua de los radiadores; son pr\u00e1cticas y econ\u00f3micas y unen la funcionalidad y una est\u00e9tica atractiva.\u00a0<\/p>\r\n","protected":false},"excerpt":{"rendered":"<p>Las estufas de pellet Hydro de Cadel son la soluci\u00f3n \u00f3ptima para la instalaci\u00f3n de calefacci\u00f3n dom\u00e9stica, ya que calientan r\u00e1pidamente el agua de los radiadores; son pr\u00e1cticas y econ\u00f3micas y unen la funcionalidad y una est\u00e9tica atractiva.\u00a0<\/p>\n","protected":false},"author":1,"featured_media":4890,"parent":5082,"menu_order":257,"comment_status":"closed","ping_status":"closed","template":"page-templates\/children-pellet-stoves-page.php","meta":{"_acf_changed":false,"inline_featured_image":false,"footnotes":""},"class_list":["post-7571","page","type-page","status-publish","has-post-thumbnail","hentry"],"acf":[],"_links":{"self":[{"href":"https:\/\/cadelsrl.com\/es\/wp-json\/wp\/v2\/pages\/7571","targetHints":{"allow":["GET"]}}],"collection":[{"href":"https:\/\/cadelsrl.com\/es\/wp-json\/wp\/v2\/pages"}],"about":[{"href":"https:\/\/cadelsrl.com\/es\/wp-json\/wp\/v2\/types\/page"}],"author":[{"embeddable":true,"href":"https:\/\/cadelsrl.com\/es\/wp-json\/wp\/v2\/users\/1"}],"replies":[{"embeddable":true,"href":"https:\/\/cadelsrl.com\/es\/wp-json\/wp\/v2\/comments?post=7571"}],"version-history":[{"count":13,"href":"https:\/\/cadelsrl.com\/es\/wp-json\/wp\/v2\/pages\/7571\/revisions"}],"predecessor-version":[{"id":36826,"href":"https:\/\/cadelsrl.com\/es\/wp-json\/wp\/v2\/pages\/7571\/revisions\/36826"}],"up":[{"embeddable":true,"href":"https:\/\/cadelsrl.com\/es\/wp-json\/wp\/v2\/pages\/5082"}],"wp:featuredmedia":[{"embeddable":true,"href":"https:\/\/cadelsrl.com\/es\/wp-json\/wp\/v2\/media\/4890"}],"wp:attachment":[{"href":"https:\/\/cadelsrl.com\/es\/wp-json\/wp\/v2\/media?parent=7571"}],"curies":[{"name":"wp","href":"https:\/\/api.w.org\/{rel}","templated":true}]}}