{"id":7570,"date":"2021-06-10T09:22:15","date_gmt":"2021-06-10T09:22:15","guid":{"rendered":"http:\/\/3.78.172.146\/estufas-de-pellet\/inserti-a-pellet\/"},"modified":"2025-07-18T12:18:00","modified_gmt":"2025-07-18T12:18:00","slug":"insertos-de-pellet","status":"publish","type":"page","link":"https:\/\/cadelsrl.com\/es\/estufas-de-pellet\/insertos-de-pellet\/","title":{"rendered":"Insertos de pellet"},"content":{"rendered":"\r\n<p class=\"big\">Los insertables de pellet Cadel representan un punto de uni\u00f3n perfecta entre la <strong>chimenea<\/strong>, s\u00edmbolo tradicional de la reuni\u00f3n familiar, y la <strong>moderna tecnolog\u00eda <\/strong>de bajo impacto medioambiental del pellet. Un insertable para chimenea de pellet da a la casa un toque de dise\u00f1o \u00fanico convirti\u00e9ndose en un nuevo complemento decorativo o transformando un viejo hogar de le\u00f1a.<\/p>\r\n","protected":false},"excerpt":{"rendered":"<p>Los insertables de pellet Cadel representan un punto de uni\u00f3n perfecta entre la chimenea, s\u00edmbolo tradicional de la reuni\u00f3n familiar, y la moderna tecnolog\u00eda de bajo impacto medioambiental del pellet. Un insertable para chimenea de pellet da a la casa un toque de dise\u00f1o \u00fanico convirti\u00e9ndose en un nuevo complemento decorativo o transformando un viejo<\/p>\n","protected":false},"author":1,"featured_media":34276,"parent":5082,"menu_order":263,"comment_status":"closed","ping_status":"closed","template":"page-templates\/children-pellet-stoves-page.php","meta":{"_acf_changed":false,"inline_featured_image":false,"footnotes":""},"class_list":["post-7570","page","type-page","status-publish","has-post-thumbnail","hentry"],"acf":[],"_links":{"self":[{"href":"https:\/\/cadelsrl.com\/es\/wp-json\/wp\/v2\/pages\/7570","targetHints":{"allow":["GET"]}}],"collection":[{"href":"https:\/\/cadelsrl.com\/es\/wp-json\/wp\/v2\/pages"}],"about":[{"href":"https:\/\/cadelsrl.com\/es\/wp-json\/wp\/v2\/types\/page"}],"author":[{"embeddable":true,"href":"https:\/\/cadelsrl.com\/es\/wp-json\/wp\/v2\/users\/1"}],"replies":[{"embeddable":true,"href":"https:\/\/cadelsrl.com\/es\/wp-json\/wp\/v2\/comments?post=7570"}],"version-history":[{"count":8,"href":"https:\/\/cadelsrl.com\/es\/wp-json\/wp\/v2\/pages\/7570\/revisions"}],"predecessor-version":[{"id":33929,"href":"https:\/\/cadelsrl.com\/es\/wp-json\/wp\/v2\/pages\/7570\/revisions\/33929"}],"up":[{"embeddable":true,"href":"https:\/\/cadelsrl.com\/es\/wp-json\/wp\/v2\/pages\/5082"}],"wp:featuredmedia":[{"embeddable":true,"href":"https:\/\/cadelsrl.com\/es\/wp-json\/wp\/v2\/media\/34276"}],"wp:attachment":[{"href":"https:\/\/cadelsrl.com\/es\/wp-json\/wp\/v2\/media?parent=7570"}],"curies":[{"name":"wp","href":"https:\/\/api.w.org\/{rel}","templated":true}]}}