{"id":6919,"date":"2021-06-10T09:24:33","date_gmt":"2021-06-10T09:24:33","guid":{"rendered":"http:\/\/3.78.172.146\/cucine-a-legna\/"},"modified":"2024-07-10T08:56:17","modified_gmt":"2024-07-10T08:56:17","slug":"cocinas-de-lena","status":"publish","type":"page","link":"https:\/\/cadelsrl.com\/es\/lena\/cocinas-de-lena\/","title":{"rendered":"Cocinas de le\u00f1a"},"content":{"rendered":"\n<p class=\"big\">Cadel renueva completamente el estilo de sus cocinas de le\u00f1a, aportando a cada una un toque de modernidad, y mejorando sus prestaciones a trav\u00e9s de las nuevas tecnolog\u00edas presentes en el sector. Y as\u00ed a ese sentido de tradici\u00f3n que, naturalmente, las cocinas de le\u00f1a inspiran, se suman la <strong>comodidad<\/strong>, la <strong>innovaci\u00f3n<\/strong>, la <strong>seguridad<\/strong> y la ecosostenibilidad de la \u00e9poca moderna, en una uni\u00f3n aceptada por todos.<\/p>\n","protected":false},"excerpt":{"rendered":"<p>Cadel renueva completamente el estilo de sus cocinas de le\u00f1a, aportando a cada una un toque de modernidad, y mejorando sus prestaciones a trav\u00e9s de las nuevas tecnolog\u00edas presentes en el sector. Y as\u00ed a ese sentido de tradici\u00f3n que, naturalmente, las cocinas de le\u00f1a inspiran, se suman la comodidad, la innovaci\u00f3n, la seguridad y<\/p>\n","protected":false},"author":1,"featured_media":20537,"parent":23608,"menu_order":190,"comment_status":"closed","ping_status":"closed","template":"page-templates\/wood-stoves-page.php","meta":{"_acf_changed":false,"inline_featured_image":false,"footnotes":""},"class_list":["post-6919","page","type-page","status-publish","has-post-thumbnail","hentry"],"acf":[],"_links":{"self":[{"href":"https:\/\/cadelsrl.com\/es\/wp-json\/wp\/v2\/pages\/6919","targetHints":{"allow":["GET"]}}],"collection":[{"href":"https:\/\/cadelsrl.com\/es\/wp-json\/wp\/v2\/pages"}],"about":[{"href":"https:\/\/cadelsrl.com\/es\/wp-json\/wp\/v2\/types\/page"}],"author":[{"embeddable":true,"href":"https:\/\/cadelsrl.com\/es\/wp-json\/wp\/v2\/users\/1"}],"replies":[{"embeddable":true,"href":"https:\/\/cadelsrl.com\/es\/wp-json\/wp\/v2\/comments?post=6919"}],"version-history":[{"count":15,"href":"https:\/\/cadelsrl.com\/es\/wp-json\/wp\/v2\/pages\/6919\/revisions"}],"predecessor-version":[{"id":23698,"href":"https:\/\/cadelsrl.com\/es\/wp-json\/wp\/v2\/pages\/6919\/revisions\/23698"}],"up":[{"embeddable":true,"href":"https:\/\/cadelsrl.com\/es\/wp-json\/wp\/v2\/pages\/23608"}],"wp:featuredmedia":[{"embeddable":true,"href":"https:\/\/cadelsrl.com\/es\/wp-json\/wp\/v2\/media\/20537"}],"wp:attachment":[{"href":"https:\/\/cadelsrl.com\/es\/wp-json\/wp\/v2\/media?parent=6919"}],"curies":[{"name":"wp","href":"https:\/\/api.w.org\/{rel}","templated":true}]}}