{"id":6583,"date":"2021-06-10T09:21:29","date_gmt":"2021-06-10T09:21:29","guid":{"rendered":"http:\/\/3.78.172.146\/stufe-a-pellet\/stufe-a-pellet-canalizzate\/"},"modified":"2025-07-18T12:11:05","modified_gmt":"2025-07-18T12:11:05","slug":"estufas-de-pellet-canalizadas","status":"publish","type":"page","link":"https:\/\/cadelsrl.com\/es\/estufas-de-pellet\/estufas-de-pellet-canalizadas\/","title":{"rendered":"Estufas de pellet canalizadas"},"content":{"rendered":"\r\n<p class=\"big\">Las estufas de pellet canalizables Air Plus Cadel son el instrumento ideal para <strong>calentar varios ambientes<\/strong> de la casa de forma econ\u00f3mica y pr\u00e1ctica. Gracias al sistema de canalizaci\u00f3n, es posible distribuir el calor r\u00e1pidamente y de manera homog\u00e9nea incluso en otras habitaciones.<\/p>\r\n","protected":false},"excerpt":{"rendered":"<p>Las estufas de pellet canalizables Air Plus Cadel son el instrumento ideal para calentar varios ambientes de la casa de forma econ\u00f3mica y pr\u00e1ctica. Gracias al sistema de canalizaci\u00f3n, es posible distribuir el calor r\u00e1pidamente y de manera homog\u00e9nea incluso en otras habitaciones.<\/p>\n","protected":false},"author":1,"featured_media":4896,"parent":5082,"menu_order":251,"comment_status":"closed","ping_status":"closed","template":"page-templates\/children-pellet-stoves-page.php","meta":{"_acf_changed":false,"inline_featured_image":false,"footnotes":""},"class_list":["post-6583","page","type-page","status-publish","has-post-thumbnail","hentry"],"acf":[],"_links":{"self":[{"href":"https:\/\/cadelsrl.com\/es\/wp-json\/wp\/v2\/pages\/6583","targetHints":{"allow":["GET"]}}],"collection":[{"href":"https:\/\/cadelsrl.com\/es\/wp-json\/wp\/v2\/pages"}],"about":[{"href":"https:\/\/cadelsrl.com\/es\/wp-json\/wp\/v2\/types\/page"}],"author":[{"embeddable":true,"href":"https:\/\/cadelsrl.com\/es\/wp-json\/wp\/v2\/users\/1"}],"replies":[{"embeddable":true,"href":"https:\/\/cadelsrl.com\/es\/wp-json\/wp\/v2\/comments?post=6583"}],"version-history":[{"count":15,"href":"https:\/\/cadelsrl.com\/es\/wp-json\/wp\/v2\/pages\/6583\/revisions"}],"predecessor-version":[{"id":33923,"href":"https:\/\/cadelsrl.com\/es\/wp-json\/wp\/v2\/pages\/6583\/revisions\/33923"}],"up":[{"embeddable":true,"href":"https:\/\/cadelsrl.com\/es\/wp-json\/wp\/v2\/pages\/5082"}],"wp:featuredmedia":[{"embeddable":true,"href":"https:\/\/cadelsrl.com\/es\/wp-json\/wp\/v2\/media\/4896"}],"wp:attachment":[{"href":"https:\/\/cadelsrl.com\/es\/wp-json\/wp\/v2\/media?parent=6583"}],"curies":[{"name":"wp","href":"https:\/\/api.w.org\/{rel}","templated":true}]}}