{"id":23615,"date":"2024-07-09T11:43:53","date_gmt":"2024-07-09T11:43:53","guid":{"rendered":"https:\/\/cadelsrl.com\/?page_id=23615"},"modified":"2025-07-18T12:16:48","modified_gmt":"2025-07-18T12:16:48","slug":"estufas-de-lena-cadel","status":"publish","type":"page","link":"https:\/\/cadelsrl.com\/es\/lena\/estufas-de-lena-cadel\/","title":{"rendered":"Estufas de le\u00f1a"},"content":{"rendered":"\r\n<p class=\"big\">Las estufas de le\u00f1a son una opci\u00f3n excelente para quienes desean una calefacci\u00f3n eficiente y sostenible junto <strong>al ambiente \u00fanico de una llama natural<\/strong>. La c\u00e1mara de combusti\u00f3n de nuestras estufas de le\u00f1a garantiza un <strong>control de las emisiones<\/strong> en conformidad con la normativa m\u00e1s estricta, para un aire m\u00e1s limpio y una alta eficiencia energ\u00e9tica. Cada modelo est\u00e1 dise\u00f1ado para valorizar el ambiente dom\u00e9stico y convertir la casa en un lugar c\u00e1lido y confortable durante toda la estaci\u00f3n fr\u00eda. Explore nuestra gama de estufas de le\u00f1a y encuentre la soluci\u00f3n perfecta para su confort y estilo.<\/p>\r\n","protected":false},"excerpt":{"rendered":"<p>Las estufas de le\u00f1a son una opci\u00f3n excelente para quienes desean una calefacci\u00f3n eficiente y sostenible junto al ambiente \u00fanico de una llama natural. La c\u00e1mara de combusti\u00f3n de nuestras estufas de le\u00f1a garantiza un control de las emisiones en conformidad con la normativa m\u00e1s estricta, para un aire m\u00e1s limpio y una alta eficiencia<\/p>\n","protected":false},"author":552,"featured_media":23280,"parent":23608,"menu_order":179,"comment_status":"closed","ping_status":"closed","template":"page-templates\/wood-stoves-page.php","meta":{"_acf_changed":false,"inline_featured_image":false,"footnotes":""},"class_list":["post-23615","page","type-page","status-publish","has-post-thumbnail","hentry"],"acf":[],"_links":{"self":[{"href":"https:\/\/cadelsrl.com\/es\/wp-json\/wp\/v2\/pages\/23615","targetHints":{"allow":["GET"]}}],"collection":[{"href":"https:\/\/cadelsrl.com\/es\/wp-json\/wp\/v2\/pages"}],"about":[{"href":"https:\/\/cadelsrl.com\/es\/wp-json\/wp\/v2\/types\/page"}],"author":[{"embeddable":true,"href":"https:\/\/cadelsrl.com\/es\/wp-json\/wp\/v2\/users\/552"}],"replies":[{"embeddable":true,"href":"https:\/\/cadelsrl.com\/es\/wp-json\/wp\/v2\/comments?post=23615"}],"version-history":[{"count":9,"href":"https:\/\/cadelsrl.com\/es\/wp-json\/wp\/v2\/pages\/23615\/revisions"}],"predecessor-version":[{"id":33928,"href":"https:\/\/cadelsrl.com\/es\/wp-json\/wp\/v2\/pages\/23615\/revisions\/33928"}],"up":[{"embeddable":true,"href":"https:\/\/cadelsrl.com\/es\/wp-json\/wp\/v2\/pages\/23608"}],"wp:featuredmedia":[{"embeddable":true,"href":"https:\/\/cadelsrl.com\/es\/wp-json\/wp\/v2\/media\/23280"}],"wp:attachment":[{"href":"https:\/\/cadelsrl.com\/es\/wp-json\/wp\/v2\/media?parent=23615"}],"curies":[{"name":"wp","href":"https:\/\/api.w.org\/{rel}","templated":true}]}}