{"id":23608,"date":"2024-07-09T10:04:42","date_gmt":"2024-07-09T10:04:42","guid":{"rendered":"https:\/\/cadelsrl.com\/?page_id=23608"},"modified":"2024-07-09T10:07:48","modified_gmt":"2024-07-09T10:07:48","slug":"lena","status":"publish","type":"page","link":"https:\/\/cadelsrl.com\/es\/lena\/","title":{"rendered":"Le\u00f1a"},"content":{"rendered":"\n<p class=\"big\">Las <strong>estufas<\/strong> y <strong>cocinas de le\u00f1a Cadel<\/strong> sson la elecci\u00f3n perfecta para quienes buscan la autenticidad del calor tradicional junto con todas las comodidades de la tecnolog\u00eda. Las soluciones de <strong>calefacci\u00f3n de le\u00f1a<\/strong> ofrecen la experiencia \u00fanica del fuego y hacen <strong>acogedor<\/strong> cualquier <strong>ambiente<\/strong>, convirti\u00e9ndose en un importante <strong>elemento de dise\u00f1o <\/strong> para el hogar, en aut\u00e9nticas protagonistas de la decoraci\u00f3n. Descubra las cocinas y estufas de le\u00f1a Cadel: tambi\u00e9n disponibles en versi\u00f3n ventilada, para adaptarse a cualquier necesidad de calefacci\u00f3n y dise\u00f1o.<\/p>\n","protected":false},"excerpt":{"rendered":"<p>Las estufas y cocinas de le\u00f1a Cadel sson la elecci\u00f3n perfecta para quienes buscan la autenticidad del calor tradicional junto con todas las comodidades de la tecnolog\u00eda. Las soluciones de calefacci\u00f3n de le\u00f1a ofrecen la experiencia \u00fanica del fuego y hacen acogedor cualquier ambiente, convirti\u00e9ndose en un importante elemento de dise\u00f1o para el hogar, en<\/p>\n","protected":false},"author":552,"featured_media":0,"parent":0,"menu_order":0,"comment_status":"closed","ping_status":"closed","template":"page-templates\/pellet-stoves-page.php","meta":{"_acf_changed":false,"inline_featured_image":false,"footnotes":""},"class_list":["post-23608","page","type-page","status-publish","hentry"],"acf":[],"_links":{"self":[{"href":"https:\/\/cadelsrl.com\/es\/wp-json\/wp\/v2\/pages\/23608","targetHints":{"allow":["GET"]}}],"collection":[{"href":"https:\/\/cadelsrl.com\/es\/wp-json\/wp\/v2\/pages"}],"about":[{"href":"https:\/\/cadelsrl.com\/es\/wp-json\/wp\/v2\/types\/page"}],"author":[{"embeddable":true,"href":"https:\/\/cadelsrl.com\/es\/wp-json\/wp\/v2\/users\/552"}],"replies":[{"embeddable":true,"href":"https:\/\/cadelsrl.com\/es\/wp-json\/wp\/v2\/comments?post=23608"}],"version-history":[{"count":2,"href":"https:\/\/cadelsrl.com\/es\/wp-json\/wp\/v2\/pages\/23608\/revisions"}],"predecessor-version":[{"id":23610,"href":"https:\/\/cadelsrl.com\/es\/wp-json\/wp\/v2\/pages\/23608\/revisions\/23610"}],"wp:attachment":[{"href":"https:\/\/cadelsrl.com\/es\/wp-json\/wp\/v2\/media?parent=23608"}],"curies":[{"name":"wp","href":"https:\/\/api.w.org\/{rel}","templated":true}]}}