{"id":8684,"date":"2021-06-30T13:30:26","date_gmt":"2021-06-30T13:30:26","guid":{"rendered":"http:\/\/3.78.172.146\/download-area\/documentazione-tecnica-prodotti\/"},"modified":"2025-05-27T12:44:11","modified_gmt":"2025-05-27T12:44:11","slug":"technische-produktdokumentation","status":"publish","type":"page","link":"https:\/\/cadelsrl.com\/de\/download-area\/technische-produktdokumentation\/","title":{"rendered":"Technische Produktdokumentation"},"content":{"rendered":"\r\n<p>Alle Dokumente und Handb\u00fccher unserer Produkte sie k\u00f6nnen hier heruntergeladen werden. W\u00e4hlen Sie einfach ein Produkt aus.<\/p>\r\n","protected":false},"excerpt":{"rendered":"<p>Alle Dokumente und Handb\u00fccher unserer Produkte sie k\u00f6nnen hier heruntergeladen werden. W\u00e4hlen Sie einfach ein Produkt aus.<\/p>\n","protected":false},"author":1,"featured_media":37426,"parent":8654,"menu_order":130,"comment_status":"closed","ping_status":"closed","template":"page-templates\/technical-documents-page.php","meta":{"_acf_changed":false,"inline_featured_image":false,"footnotes":""},"class_list":["post-8684","page","type-page","status-publish","has-post-thumbnail","hentry"],"acf":[],"_links":{"self":[{"href":"https:\/\/cadelsrl.com\/de\/wp-json\/wp\/v2\/pages\/8684","targetHints":{"allow":["GET"]}}],"collection":[{"href":"https:\/\/cadelsrl.com\/de\/wp-json\/wp\/v2\/pages"}],"about":[{"href":"https:\/\/cadelsrl.com\/de\/wp-json\/wp\/v2\/types\/page"}],"author":[{"embeddable":true,"href":"https:\/\/cadelsrl.com\/de\/wp-json\/wp\/v2\/users\/1"}],"replies":[{"embeddable":true,"href":"https:\/\/cadelsrl.com\/de\/wp-json\/wp\/v2\/comments?post=8684"}],"version-history":[{"count":7,"href":"https:\/\/cadelsrl.com\/de\/wp-json\/wp\/v2\/pages\/8684\/revisions"}],"predecessor-version":[{"id":31640,"href":"https:\/\/cadelsrl.com\/de\/wp-json\/wp\/v2\/pages\/8684\/revisions\/31640"}],"up":[{"embeddable":true,"href":"https:\/\/cadelsrl.com\/de\/wp-json\/wp\/v2\/pages\/8654"}],"wp:featuredmedia":[{"embeddable":true,"href":"https:\/\/cadelsrl.com\/de\/wp-json\/wp\/v2\/media\/37426"}],"wp:attachment":[{"href":"https:\/\/cadelsrl.com\/de\/wp-json\/wp\/v2\/media?parent=8684"}],"curies":[{"name":"wp","href":"https:\/\/api.w.org\/{rel}","templated":true}]}}