{"id":8526,"date":"2021-08-07T08:40:03","date_gmt":"2021-08-07T08:40:03","guid":{"rendered":"http:\/\/3.78.172.146\/chiedi-il-preventivo\/"},"modified":"2021-09-08T12:48:52","modified_gmt":"2021-09-08T12:48:52","slug":"angebotsanfrage","status":"publish","type":"page","link":"https:\/\/cadelsrl.com\/de\/angebotsanfrage\/","title":{"rendered":"Angebotsanfrage"},"content":{"rendered":"\n<h2 class=\"wp-block-heading\">W\u00fcnschen Sie ein individuelles Angebot oder weitere Informationen zu Ihrem gew\u00fcnschten Ofenmodell? F\u00fcllen Sie hier das Formular aus, um ein kostenloses und unverbindliches Angebot zu erhalten<\/h2>\n\n\n\n<p><\/p>\n","protected":false},"excerpt":{"rendered":"<p>W\u00fcnschen Sie ein individuelles Angebot oder weitere Informationen zu Ihrem gew\u00fcnschten Ofenmodell? F\u00fcllen Sie hier das Formular aus, um ein kostenloses und unverbindliches Angebot zu erhalten<\/p>\n","protected":false},"author":1,"featured_media":0,"parent":0,"menu_order":50,"comment_status":"closed","ping_status":"closed","template":"page-templates\/quotation-request-page.php","meta":{"_acf_changed":false,"inline_featured_image":false,"footnotes":""},"class_list":["post-8526","page","type-page","status-publish","hentry"],"acf":[],"_links":{"self":[{"href":"https:\/\/cadelsrl.com\/de\/wp-json\/wp\/v2\/pages\/8526","targetHints":{"allow":["GET"]}}],"collection":[{"href":"https:\/\/cadelsrl.com\/de\/wp-json\/wp\/v2\/pages"}],"about":[{"href":"https:\/\/cadelsrl.com\/de\/wp-json\/wp\/v2\/types\/page"}],"author":[{"embeddable":true,"href":"https:\/\/cadelsrl.com\/de\/wp-json\/wp\/v2\/users\/1"}],"replies":[{"embeddable":true,"href":"https:\/\/cadelsrl.com\/de\/wp-json\/wp\/v2\/comments?post=8526"}],"version-history":[{"count":7,"href":"https:\/\/cadelsrl.com\/de\/wp-json\/wp\/v2\/pages\/8526\/revisions"}],"predecessor-version":[{"id":9397,"href":"https:\/\/cadelsrl.com\/de\/wp-json\/wp\/v2\/pages\/8526\/revisions\/9397"}],"wp:attachment":[{"href":"https:\/\/cadelsrl.com\/de\/wp-json\/wp\/v2\/media?parent=8526"}],"curies":[{"name":"wp","href":"https:\/\/api.w.org\/{rel}","templated":true}]}}