{"id":7542,"date":"2021-06-10T09:22:15","date_gmt":"2021-06-10T09:22:15","guid":{"rendered":"http:\/\/3.78.172.146\/pelletoefen\/inserts-a-granules\/"},"modified":"2025-07-18T12:18:58","modified_gmt":"2025-07-18T12:18:58","slug":"pellet-kamineinsatze","status":"publish","type":"page","link":"https:\/\/cadelsrl.com\/de\/pelletoefen\/pellet-kamineinsatze\/","title":{"rendered":"Pellet Kamineins\u00e4tze"},"content":{"rendered":"\r\n<p class=\"big\">Die Pelleteins\u00e4tze von Cadel sind die perfekte Verbindung zwischen dem <strong>Kamin<\/strong>, einem traditionellen Symbol f\u00fcr das Beisammensein der Familie, und der umweltfreundlichen, <strong>modernen Technologie<\/strong> der Pellets. Ein Pelleteinsatz f\u00fcr den Kaminofen verleiht dem Haus ein spezielles Design, indem er zu einem neuen Einrichtungsgegenstand wird oder einen alten Holzkamin umgestaltet.<\/p>\r\n","protected":false},"excerpt":{"rendered":"<p>Die Pelleteins\u00e4tze von Cadel sind die perfekte Verbindung zwischen dem Kamin, einem traditionellen Symbol f\u00fcr das Beisammensein der Familie, und der umweltfreundlichen, modernen Technologie der Pellets. Ein Pelleteinsatz f\u00fcr den Kaminofen verleiht dem Haus ein spezielles Design, indem er zu einem neuen Einrichtungsgegenstand wird oder einen alten Holzkamin umgestaltet.<\/p>\n","protected":false},"author":1,"featured_media":34275,"parent":5081,"menu_order":263,"comment_status":"closed","ping_status":"closed","template":"page-templates\/children-pellet-stoves-page.php","meta":{"_acf_changed":false,"inline_featured_image":false,"footnotes":""},"class_list":["post-7542","page","type-page","status-publish","has-post-thumbnail","hentry"],"acf":[],"_links":{"self":[{"href":"https:\/\/cadelsrl.com\/de\/wp-json\/wp\/v2\/pages\/7542","targetHints":{"allow":["GET"]}}],"collection":[{"href":"https:\/\/cadelsrl.com\/de\/wp-json\/wp\/v2\/pages"}],"about":[{"href":"https:\/\/cadelsrl.com\/de\/wp-json\/wp\/v2\/types\/page"}],"author":[{"embeddable":true,"href":"https:\/\/cadelsrl.com\/de\/wp-json\/wp\/v2\/users\/1"}],"replies":[{"embeddable":true,"href":"https:\/\/cadelsrl.com\/de\/wp-json\/wp\/v2\/comments?post=7542"}],"version-history":[{"count":23,"href":"https:\/\/cadelsrl.com\/de\/wp-json\/wp\/v2\/pages\/7542\/revisions"}],"predecessor-version":[{"id":33931,"href":"https:\/\/cadelsrl.com\/de\/wp-json\/wp\/v2\/pages\/7542\/revisions\/33931"}],"up":[{"embeddable":true,"href":"https:\/\/cadelsrl.com\/de\/wp-json\/wp\/v2\/pages\/5081"}],"wp:featuredmedia":[{"embeddable":true,"href":"https:\/\/cadelsrl.com\/de\/wp-json\/wp\/v2\/media\/34275"}],"wp:attachment":[{"href":"https:\/\/cadelsrl.com\/de\/wp-json\/wp\/v2\/media?parent=7542"}],"curies":[{"name":"wp","href":"https:\/\/api.w.org\/{rel}","templated":true}]}}