{"id":7537,"date":"2021-06-10T09:21:55","date_gmt":"2021-06-10T09:21:55","guid":{"rendered":"http:\/\/3.78.172.146\/pelletoefen\/thermo-stoves\/"},"modified":"2025-12-19T09:39:36","modified_gmt":"2025-12-19T09:39:36","slug":"wasserfuhrende-pelletofen","status":"publish","type":"page","link":"https:\/\/cadelsrl.com\/de\/pelletoefen\/wasserfuhrende-pelletofen\/","title":{"rendered":"Wasserf\u00fchrende Pellet\u00f6fen"},"content":{"rendered":"\r\n<p class=\"big\">Die wasserf\u00fchrenden Pellet\u00f6fen von Cadel sind eine optimale L\u00f6sung f\u00fcr <strong>Wohnungsheizanlagen.<\/strong> Sie sorgen f\u00fcr eine schnelle Erw\u00e4rmung des Wassers in den Heizk\u00f6rpern, sind praktisch und wirtschaftlich und verbinden Funktionalit\u00e4t mit attraktiver \u00c4sthetik.\u00a0<\/p>\r\n","protected":false},"excerpt":{"rendered":"<p>Die wasserf\u00fchrenden Pellet\u00f6fen von Cadel sind eine optimale L\u00f6sung f\u00fcr Wohnungsheizanlagen. Sie sorgen f\u00fcr eine schnelle Erw\u00e4rmung des Wassers in den Heizk\u00f6rpern, sind praktisch und wirtschaftlich und verbinden Funktionalit\u00e4t mit attraktiver \u00c4sthetik.\u00a0<\/p>\n","protected":false},"author":1,"featured_media":4889,"parent":5081,"menu_order":257,"comment_status":"closed","ping_status":"closed","template":"page-templates\/children-pellet-stoves-page.php","meta":{"_acf_changed":false,"inline_featured_image":false,"footnotes":""},"class_list":["post-7537","page","type-page","status-publish","has-post-thumbnail","hentry"],"acf":[],"_links":{"self":[{"href":"https:\/\/cadelsrl.com\/de\/wp-json\/wp\/v2\/pages\/7537","targetHints":{"allow":["GET"]}}],"collection":[{"href":"https:\/\/cadelsrl.com\/de\/wp-json\/wp\/v2\/pages"}],"about":[{"href":"https:\/\/cadelsrl.com\/de\/wp-json\/wp\/v2\/types\/page"}],"author":[{"embeddable":true,"href":"https:\/\/cadelsrl.com\/de\/wp-json\/wp\/v2\/users\/1"}],"replies":[{"embeddable":true,"href":"https:\/\/cadelsrl.com\/de\/wp-json\/wp\/v2\/comments?post=7537"}],"version-history":[{"count":13,"href":"https:\/\/cadelsrl.com\/de\/wp-json\/wp\/v2\/pages\/7537\/revisions"}],"predecessor-version":[{"id":36821,"href":"https:\/\/cadelsrl.com\/de\/wp-json\/wp\/v2\/pages\/7537\/revisions\/36821"}],"up":[{"embeddable":true,"href":"https:\/\/cadelsrl.com\/de\/wp-json\/wp\/v2\/pages\/5081"}],"wp:featuredmedia":[{"embeddable":true,"href":"https:\/\/cadelsrl.com\/de\/wp-json\/wp\/v2\/media\/4889"}],"wp:attachment":[{"href":"https:\/\/cadelsrl.com\/de\/wp-json\/wp\/v2\/media?parent=7537"}],"curies":[{"name":"wp","href":"https:\/\/api.w.org\/{rel}","templated":true}]}}