{"id":6893,"date":"2021-06-10T09:24:33","date_gmt":"2021-06-10T09:24:33","guid":{"rendered":"http:\/\/3.78.172.146\/cucine-a-legna\/"},"modified":"2024-07-10T09:02:09","modified_gmt":"2024-07-10T09:02:09","slug":"holzherde","status":"publish","type":"page","link":"https:\/\/cadelsrl.com\/de\/holz\/holzherde\/","title":{"rendered":"Holzherde"},"content":{"rendered":"\n<p class=\"big\">Cadel erneuert den Stil seiner Holzherde komplett, verleiht jedem einzelnen einen modernen Touch und verbessert die Leistung dank neuer Technologien in diesem Bereich. Das Gef\u00fchl der Tradition, durch das Holz\u00f6fen ganz nat\u00fcrlich inspiriert werden, wird mit der Praktikabilit\u00e4t, Innovation, Sicherheit und Umweltvertr\u00e4glichkeit der modernen Zeit kombiniert: eine Kombination, die alle gleicherma\u00dfen begeistert!<\/p>\n","protected":false},"excerpt":{"rendered":"<p>Cadel erneuert den Stil seiner Holzherde komplett, verleiht jedem einzelnen einen modernen Touch und verbessert die Leistung dank neuer Technologien in diesem Bereich. Das Gef\u00fchl der Tradition, durch das Holz\u00f6fen ganz nat\u00fcrlich inspiriert werden, wird mit der Praktikabilit\u00e4t, Innovation, Sicherheit und Umweltvertr\u00e4glichkeit der modernen Zeit kombiniert: eine Kombination, die alle gleicherma\u00dfen begeistert!<\/p>\n","protected":false},"author":1,"featured_media":20536,"parent":23604,"menu_order":190,"comment_status":"closed","ping_status":"closed","template":"page-templates\/wood-stoves-page.php","meta":{"_acf_changed":false,"inline_featured_image":false,"footnotes":""},"class_list":["post-6893","page","type-page","status-publish","has-post-thumbnail","hentry"],"acf":[],"_links":{"self":[{"href":"https:\/\/cadelsrl.com\/de\/wp-json\/wp\/v2\/pages\/6893","targetHints":{"allow":["GET"]}}],"collection":[{"href":"https:\/\/cadelsrl.com\/de\/wp-json\/wp\/v2\/pages"}],"about":[{"href":"https:\/\/cadelsrl.com\/de\/wp-json\/wp\/v2\/types\/page"}],"author":[{"embeddable":true,"href":"https:\/\/cadelsrl.com\/de\/wp-json\/wp\/v2\/users\/1"}],"replies":[{"embeddable":true,"href":"https:\/\/cadelsrl.com\/de\/wp-json\/wp\/v2\/comments?post=6893"}],"version-history":[{"count":18,"href":"https:\/\/cadelsrl.com\/de\/wp-json\/wp\/v2\/pages\/6893\/revisions"}],"predecessor-version":[{"id":23699,"href":"https:\/\/cadelsrl.com\/de\/wp-json\/wp\/v2\/pages\/6893\/revisions\/23699"}],"up":[{"embeddable":true,"href":"https:\/\/cadelsrl.com\/de\/wp-json\/wp\/v2\/pages\/23604"}],"wp:featuredmedia":[{"embeddable":true,"href":"https:\/\/cadelsrl.com\/de\/wp-json\/wp\/v2\/media\/20536"}],"wp:attachment":[{"href":"https:\/\/cadelsrl.com\/de\/wp-json\/wp\/v2\/media?parent=6893"}],"curies":[{"name":"wp","href":"https:\/\/api.w.org\/{rel}","templated":true}]}}