{"id":6561,"date":"2021-06-10T09:21:29","date_gmt":"2021-06-10T09:21:29","guid":{"rendered":"http:\/\/3.78.172.146\/stufe-a-pellet\/stufe-a-pellet-canalizzate\/"},"modified":"2025-07-18T12:08:38","modified_gmt":"2025-07-18T12:08:38","slug":"kanalisierbarer-pelletofen","status":"publish","type":"page","link":"https:\/\/cadelsrl.com\/de\/pelletoefen\/kanalisierbarer-pelletofen\/","title":{"rendered":"Kanalisierbarer Pellet\u00f6fen"},"content":{"rendered":"\r\n<p class=\"big\">Die kanalisierbaren Pellet\u00f6fen Air Plus von Cadel sind die ideale L\u00f6sung, um auf sparsame und praktische Weise <strong>mehrere Wohnr\u00e4ume zu erw\u00e4rmen<\/strong>. Die Kanalisierung erm\u00f6glicht, die W\u00e4rme rasch und gleichm\u00e4\u00dfig auch auf andere R\u00e4ume zu verteilen.<\/p>\r\n","protected":false},"excerpt":{"rendered":"<p>Die kanalisierbaren Pellet\u00f6fen Air Plus von Cadel sind die ideale L\u00f6sung, um auf sparsame und praktische Weise mehrere Wohnr\u00e4ume zu erw\u00e4rmen. Die Kanalisierung erm\u00f6glicht, die W\u00e4rme rasch und gleichm\u00e4\u00dfig auch auf andere R\u00e4ume zu verteilen.<\/p>\n","protected":false},"author":1,"featured_media":4895,"parent":5081,"menu_order":251,"comment_status":"closed","ping_status":"closed","template":"page-templates\/children-pellet-stoves-page.php","meta":{"_acf_changed":false,"inline_featured_image":false,"footnotes":""},"class_list":["post-6561","page","type-page","status-publish","has-post-thumbnail","hentry"],"acf":[],"_links":{"self":[{"href":"https:\/\/cadelsrl.com\/de\/wp-json\/wp\/v2\/pages\/6561","targetHints":{"allow":["GET"]}}],"collection":[{"href":"https:\/\/cadelsrl.com\/de\/wp-json\/wp\/v2\/pages"}],"about":[{"href":"https:\/\/cadelsrl.com\/de\/wp-json\/wp\/v2\/types\/page"}],"author":[{"embeddable":true,"href":"https:\/\/cadelsrl.com\/de\/wp-json\/wp\/v2\/users\/1"}],"replies":[{"embeddable":true,"href":"https:\/\/cadelsrl.com\/de\/wp-json\/wp\/v2\/comments?post=6561"}],"version-history":[{"count":17,"href":"https:\/\/cadelsrl.com\/de\/wp-json\/wp\/v2\/pages\/6561\/revisions"}],"predecessor-version":[{"id":33920,"href":"https:\/\/cadelsrl.com\/de\/wp-json\/wp\/v2\/pages\/6561\/revisions\/33920"}],"up":[{"embeddable":true,"href":"https:\/\/cadelsrl.com\/de\/wp-json\/wp\/v2\/pages\/5081"}],"wp:featuredmedia":[{"embeddable":true,"href":"https:\/\/cadelsrl.com\/de\/wp-json\/wp\/v2\/media\/4895"}],"wp:attachment":[{"href":"https:\/\/cadelsrl.com\/de\/wp-json\/wp\/v2\/media?parent=6561"}],"curies":[{"name":"wp","href":"https:\/\/api.w.org\/{rel}","templated":true}]}}