{"id":6518,"date":"2021-06-10T09:21:02","date_gmt":"2021-06-10T09:21:02","guid":{"rendered":"http:\/\/3.78.172.146\/stufe-a-pellet\/stufe-a-pellet-ventilate\/"},"modified":"2025-07-24T08:40:34","modified_gmt":"2025-07-24T08:40:34","slug":"pelletofen-mit-geblaese","status":"publish","type":"page","link":"https:\/\/cadelsrl.com\/de\/pelletoefen\/pelletofen-mit-geblaese\/","title":{"rendered":"Bel\u00fcftete Pellet\u00f6fen"},"content":{"rendered":"\r\n<p class=\"big\">Cadel bietet eine breite Palette von bel\u00fcfteten Pellet\u00f6fen mit abgedichteter Brennkammer zur Gew\u00e4hrleistung von <strong>h\u00f6herer Leistung<\/strong> und g<strong>eringerem Verbrauch<\/strong>. Die \u00d6fen, die in verschiedenen Leistungsstufen erh\u00e4ltlich sind, verf\u00fcgen \u00fcber den Betriebsmodus <strong>Comfort Mode<\/strong>, bei dem die Gebl\u00e4se abgeschaltet werden, um einen extrem leisen Betrieb zu gew\u00e4hrleisten.\u00a0<\/p>\r\n","protected":false},"excerpt":{"rendered":"<p>Cadel bietet eine breite Palette von bel\u00fcfteten Pellet\u00f6fen mit abgedichteter Brennkammer zur Gew\u00e4hrleistung von h\u00f6herer Leistung und geringerem Verbrauch. Die \u00d6fen, die in verschiedenen Leistungsstufen erh\u00e4ltlich sind, verf\u00fcgen \u00fcber den Betriebsmodus Comfort Mode, bei dem die Gebl\u00e4se abgeschaltet werden, um einen extrem leisen Betrieb zu gew\u00e4hrleisten.\u00a0<\/p>\n","protected":false},"author":1,"featured_media":34269,"parent":5081,"menu_order":239,"comment_status":"closed","ping_status":"closed","template":"page-templates\/children-pellet-stoves-page.php","meta":{"_acf_changed":false,"inline_featured_image":false,"footnotes":""},"class_list":["post-6518","page","type-page","status-publish","has-post-thumbnail","hentry"],"acf":[],"_links":{"self":[{"href":"https:\/\/cadelsrl.com\/de\/wp-json\/wp\/v2\/pages\/6518","targetHints":{"allow":["GET"]}}],"collection":[{"href":"https:\/\/cadelsrl.com\/de\/wp-json\/wp\/v2\/pages"}],"about":[{"href":"https:\/\/cadelsrl.com\/de\/wp-json\/wp\/v2\/types\/page"}],"author":[{"embeddable":true,"href":"https:\/\/cadelsrl.com\/de\/wp-json\/wp\/v2\/users\/1"}],"replies":[{"embeddable":true,"href":"https:\/\/cadelsrl.com\/de\/wp-json\/wp\/v2\/comments?post=6518"}],"version-history":[{"count":19,"href":"https:\/\/cadelsrl.com\/de\/wp-json\/wp\/v2\/pages\/6518\/revisions"}],"predecessor-version":[{"id":34261,"href":"https:\/\/cadelsrl.com\/de\/wp-json\/wp\/v2\/pages\/6518\/revisions\/34261"}],"up":[{"embeddable":true,"href":"https:\/\/cadelsrl.com\/de\/wp-json\/wp\/v2\/pages\/5081"}],"wp:featuredmedia":[{"embeddable":true,"href":"https:\/\/cadelsrl.com\/de\/wp-json\/wp\/v2\/media\/34269"}],"wp:attachment":[{"href":"https:\/\/cadelsrl.com\/de\/wp-json\/wp\/v2\/media?parent=6518"}],"curies":[{"name":"wp","href":"https:\/\/api.w.org\/{rel}","templated":true}]}}