{"id":5081,"date":"2021-06-10T09:20:29","date_gmt":"2021-06-10T09:20:29","guid":{"rendered":"http:\/\/3.78.172.146\/stufe-a-pellet\/"},"modified":"2022-11-24T15:43:30","modified_gmt":"2022-11-24T15:43:30","slug":"pelletoefen","status":"publish","type":"page","link":"https:\/\/cadelsrl.com\/de\/pelletoefen\/","title":{"rendered":"Pellet\u00f6fen"},"content":{"rendered":"\n<p class=\"big\">Das breite Angebot an Pellet\u00f6fen von Cadel bietet Modelle f\u00fcr jeden Bedarf, sei es f\u00fcr die Beheizung eines kleinen Raums oder f\u00fcr die Verteilung der W\u00e4rme in mehreren R\u00e4umen des Hauses. Sie k\u00f6nnen auf die Modelle <strong>Air<\/strong> (bel\u00fcftete Pellet\u00f6fen) oder <strong>Air Plus<\/strong> (kanalisierte Pellet\u00f6fen) z\u00e4hlen oder sich f\u00fcr einen Ofen <strong>Hydro<\/strong> entscheiden, um Wasser zu erw\u00e4rmen und die Vorteile der Heizung mit Heizk\u00f6rpern oder im Fu\u00dfboden zu nutzen.<\/p>\n","protected":false},"excerpt":{"rendered":"<p>Das breite Angebot an Pellet\u00f6fen von Cadel bietet Modelle f\u00fcr jeden Bedarf, sei es f\u00fcr die Beheizung eines kleinen Raums oder f\u00fcr die Verteilung der W\u00e4rme in mehreren R\u00e4umen des Hauses. Sie k\u00f6nnen auf die Modelle Air (bel\u00fcftete Pellet\u00f6fen) oder Air Plus (kanalisierte Pellet\u00f6fen) z\u00e4hlen oder sich f\u00fcr einen Ofen Hydro entscheiden, um Wasser zu<\/p>\n","protected":false},"author":1,"featured_media":0,"parent":0,"menu_order":245,"comment_status":"closed","ping_status":"closed","template":"page-templates\/pellet-stoves-page.php","meta":{"_acf_changed":false,"inline_featured_image":false,"footnotes":""},"class_list":["post-5081","page","type-page","status-publish","hentry"],"acf":[],"_links":{"self":[{"href":"https:\/\/cadelsrl.com\/de\/wp-json\/wp\/v2\/pages\/5081","targetHints":{"allow":["GET"]}}],"collection":[{"href":"https:\/\/cadelsrl.com\/de\/wp-json\/wp\/v2\/pages"}],"about":[{"href":"https:\/\/cadelsrl.com\/de\/wp-json\/wp\/v2\/types\/page"}],"author":[{"embeddable":true,"href":"https:\/\/cadelsrl.com\/de\/wp-json\/wp\/v2\/users\/1"}],"replies":[{"embeddable":true,"href":"https:\/\/cadelsrl.com\/de\/wp-json\/wp\/v2\/comments?post=5081"}],"version-history":[{"count":13,"href":"https:\/\/cadelsrl.com\/de\/wp-json\/wp\/v2\/pages\/5081\/revisions"}],"predecessor-version":[{"id":16439,"href":"https:\/\/cadelsrl.com\/de\/wp-json\/wp\/v2\/pages\/5081\/revisions\/16439"}],"wp:attachment":[{"href":"https:\/\/cadelsrl.com\/de\/wp-json\/wp\/v2\/media?parent=5081"}],"curies":[{"name":"wp","href":"https:\/\/api.w.org\/{rel}","templated":true}]}}