{"id":23621,"date":"2024-07-09T11:58:14","date_gmt":"2024-07-09T11:58:14","guid":{"rendered":"https:\/\/cadelsrl.com\/?page_id=23621"},"modified":"2025-07-18T12:14:38","modified_gmt":"2025-07-18T12:14:38","slug":"kaminholzofen-cadel","status":"publish","type":"page","link":"https:\/\/cadelsrl.com\/de\/holz\/kaminholzofen-cadel\/","title":{"rendered":"Kaminholz\u00f6fen"},"content":{"rendered":"\r\n<p class=\"big\">Kaminholz\u00f6fen sind eine ausgezeichnete Wahl f\u00fcr alle, die effizient und nachhaltig heizen und gleichzeitig die <strong>einzigartige Atmosph\u00e4re einer nat\u00fcrlichen Flamme<\/strong> genie\u00dfen m\u00f6chten. Die Brennkammer unserer Kaminholz\u00f6fen sorgt nicht nur f\u00fcr <strong>kontrollierte Emissionen<\/strong> gem\u00e4\u00df den strengsten Vorschriften, sondern auch f\u00fcr saubere Luft und hohe Energieeffizienz. Jedes Modell ist darauf ausgelegt, das Wohnumfeld zu verbessern und es in der kalten Jahreszeit warm und gem\u00fctlich zu machen. Entdecken Sie unser Angebot an Kaminholz\u00f6fen und finden Sie die perfekte L\u00f6sung f\u00fcr Ihren Komfort und Stil.<\/p>\r\n","protected":false},"excerpt":{"rendered":"<p>Kaminholz\u00f6fen sind eine ausgezeichnete Wahl f\u00fcr alle, die effizient und nachhaltig heizen und gleichzeitig die einzigartige Atmosph\u00e4re einer nat\u00fcrlichen Flamme genie\u00dfen m\u00f6chten. Die Brennkammer unserer Kaminholz\u00f6fen sorgt nicht nur f\u00fcr kontrollierte Emissionen gem\u00e4\u00df den strengsten Vorschriften, sondern auch f\u00fcr saubere Luft und hohe Energieeffizienz. Jedes Modell ist darauf ausgelegt, das Wohnumfeld zu verbessern und es<\/p>\n","protected":false},"author":552,"featured_media":23279,"parent":23604,"menu_order":179,"comment_status":"closed","ping_status":"closed","template":"page-templates\/wood-stoves-page.php","meta":{"_acf_changed":false,"inline_featured_image":false,"footnotes":""},"class_list":["post-23621","page","type-page","status-publish","has-post-thumbnail","hentry"],"acf":[],"_links":{"self":[{"href":"https:\/\/cadelsrl.com\/de\/wp-json\/wp\/v2\/pages\/23621","targetHints":{"allow":["GET"]}}],"collection":[{"href":"https:\/\/cadelsrl.com\/de\/wp-json\/wp\/v2\/pages"}],"about":[{"href":"https:\/\/cadelsrl.com\/de\/wp-json\/wp\/v2\/types\/page"}],"author":[{"embeddable":true,"href":"https:\/\/cadelsrl.com\/de\/wp-json\/wp\/v2\/users\/552"}],"replies":[{"embeddable":true,"href":"https:\/\/cadelsrl.com\/de\/wp-json\/wp\/v2\/comments?post=23621"}],"version-history":[{"count":8,"href":"https:\/\/cadelsrl.com\/de\/wp-json\/wp\/v2\/pages\/23621\/revisions"}],"predecessor-version":[{"id":33925,"href":"https:\/\/cadelsrl.com\/de\/wp-json\/wp\/v2\/pages\/23621\/revisions\/33925"}],"up":[{"embeddable":true,"href":"https:\/\/cadelsrl.com\/de\/wp-json\/wp\/v2\/pages\/23604"}],"wp:featuredmedia":[{"embeddable":true,"href":"https:\/\/cadelsrl.com\/de\/wp-json\/wp\/v2\/media\/23279"}],"wp:attachment":[{"href":"https:\/\/cadelsrl.com\/de\/wp-json\/wp\/v2\/media?parent=23621"}],"curies":[{"name":"wp","href":"https:\/\/api.w.org\/{rel}","templated":true}]}}