{"id":23604,"date":"2024-07-09T09:45:49","date_gmt":"2024-07-09T09:45:49","guid":{"rendered":"https:\/\/cadelsrl.com\/?page_id=23604"},"modified":"2024-07-09T09:52:38","modified_gmt":"2024-07-09T09:52:38","slug":"holz","status":"publish","type":"page","link":"https:\/\/cadelsrl.com\/de\/holz\/","title":{"rendered":"Holz"},"content":{"rendered":"\n<p class=\"big\">Die <strong>Kaminholz\u00f6fen<\/strong> und <strong>-herde von Cadel<\/strong> bieten sind die perfekte Wahl f\u00fcr diejenigen, die die Authentizit\u00e4t traditioneller W\u00e4rme gepaart mit allen Annehmlichkeiten der Technologie suchen. <strong>Holzheizl<\/strong>\u00f6sungen bieten das einzigartige Erlebnis von Feuer und machen jede  <strong>Umgebung einladend<\/strong>. Sie werden zu einem wichtigen <strong>Gestaltungselement<\/strong> f\u00fcr das Zuhause und zu wahren Protagonisten der Einrichtung. Entdecken Sie die Kaminholzherde und -\u00f6fen von Cadel, die auch in bel\u00fcfteter Ausf\u00fchrung erh\u00e4ltlich sind, um jeder Heiz- und Designanforderung gerecht zu werden.<\/p>\n","protected":false},"excerpt":{"rendered":"<p>Die Kaminholz\u00f6fen und -herde von Cadel bieten sind die perfekte Wahl f\u00fcr diejenigen, die die Authentizit\u00e4t traditioneller W\u00e4rme gepaart mit allen Annehmlichkeiten der Technologie suchen. Holzheizl\u00f6sungen bieten das einzigartige Erlebnis von Feuer und machen jede Umgebung einladend. Sie werden zu einem wichtigen Gestaltungselement f\u00fcr das Zuhause und zu wahren Protagonisten der Einrichtung. Entdecken Sie die<\/p>\n","protected":false},"author":552,"featured_media":0,"parent":0,"menu_order":0,"comment_status":"closed","ping_status":"closed","template":"page-templates\/pellet-stoves-page.php","meta":{"_acf_changed":false,"inline_featured_image":false,"footnotes":""},"class_list":["post-23604","page","type-page","status-publish","hentry"],"acf":[],"_links":{"self":[{"href":"https:\/\/cadelsrl.com\/de\/wp-json\/wp\/v2\/pages\/23604","targetHints":{"allow":["GET"]}}],"collection":[{"href":"https:\/\/cadelsrl.com\/de\/wp-json\/wp\/v2\/pages"}],"about":[{"href":"https:\/\/cadelsrl.com\/de\/wp-json\/wp\/v2\/types\/page"}],"author":[{"embeddable":true,"href":"https:\/\/cadelsrl.com\/de\/wp-json\/wp\/v2\/users\/552"}],"replies":[{"embeddable":true,"href":"https:\/\/cadelsrl.com\/de\/wp-json\/wp\/v2\/comments?post=23604"}],"version-history":[{"count":3,"href":"https:\/\/cadelsrl.com\/de\/wp-json\/wp\/v2\/pages\/23604\/revisions"}],"predecessor-version":[{"id":23607,"href":"https:\/\/cadelsrl.com\/de\/wp-json\/wp\/v2\/pages\/23604\/revisions\/23607"}],"wp:attachment":[{"href":"https:\/\/cadelsrl.com\/de\/wp-json\/wp\/v2\/media?parent=23604"}],"curies":[{"name":"wp","href":"https:\/\/api.w.org\/{rel}","templated":true}]}}